{"id":78,"date":"2024-01-17T16:03:30","date_gmt":"2024-01-17T19:03:30","guid":{"rendered":"https:\/\/east.net.ar\/tienda\/?post_type=product&#038;p=78"},"modified":"2026-03-03T15:53:52","modified_gmt":"2026-03-03T18:53:52","slug":"inalambrico-20-mb","status":"publish","type":"product","link":"https:\/\/east.net.ar\/tienda\/producto\/inalambrico-20-mb\/","title":{"rendered":"Inal\u00e1mbrico 20 Mb"},"content":{"rendered":"\r\n<p>El servicio inal\u00e1mbrico m\u00e1s adecuado para una familia con pocas personas, como tambi\u00e9n es usado en muchos comercios u oficinas de profesionales.<\/p>\r\n","protected":false},"excerpt":{"rendered":"<p>El servicio inal\u00e1mbrico m\u00e1s adecuado para una familia con pocas personas.<\/p>\n","protected":false},"featured_media":83,"template":"","meta":{"_uag_custom_page_level_css":"","site-sidebar-layout":"default","site-content-layout":"","ast-site-content-layout":"default","site-content-style":"default","site-sidebar-style":"default","ast-global-header-display":"","ast-banner-title-visibility":"","ast-main-header-display":"","ast-hfb-above-header-display":"","ast-hfb-below-header-display":"","ast-hfb-mobile-header-display":"","site-post-title":"","ast-breadcrumbs-content":"","ast-featured-img":"","footer-sml-layout":"","ast-disable-related-posts":"","theme-transparent-header-meta":"default","adv-header-id-meta":"","stick-header-meta":"","header-above-stick-meta":"","header-main-stick-meta":"","header-below-stick-meta":"","astra-migrate-meta-layouts":"set","ast-page-background-enabled":"default","ast-page-background-meta":{"desktop":{"background-color":"var(--ast-global-color-4)","background-image":"","background-repeat":"repeat","background-position":"center center","background-size":"auto","background-attachment":"scroll","background-type":"","background-media":"","overlay-type":"","overlay-color":"","overlay-opacity":"","overlay-gradient":""},"tablet":{"background-color":"","background-image":"","background-repeat":"repeat","background-position":"center center","background-size":"auto","background-attachment":"scroll","background-type":"","background-media":"","overlay-type":"","overlay-color":"","overlay-opacity":"","overlay-gradient":""},"mobile":{"background-color":"","background-image":"","background-repeat":"repeat","background-position":"center center","background-size":"auto","background-attachment":"scroll","background-type":"","background-media":"","overlay-type":"","overlay-color":"","overlay-opacity":"","overlay-gradient":""}},"ast-content-background-meta":{"desktop":{"background-color":"var(--ast-global-color-5)","background-image":"","background-repeat":"repeat","background-position":"center center","background-size":"auto","background-attachment":"scroll","background-type":"","background-media":"","overlay-type":"","overlay-color":"","overlay-opacity":"","overlay-gradient":""},"tablet":{"background-color":"var(--ast-global-color-5)","background-image":"","background-repeat":"repeat","background-position":"center center","background-size":"auto","background-attachment":"scroll","background-type":"","background-media":"","overlay-type":"","overlay-color":"","overlay-opacity":"","overlay-gradient":""},"mobile":{"background-color":"var(--ast-global-color-5)","background-image":"","background-repeat":"repeat","background-position":"center center","background-size":"auto","background-attachment":"scroll","background-type":"","background-media":"","overlay-type":"","overlay-color":"","overlay-opacity":"","overlay-gradient":""}}},"product_brand":[],"product_cat":[20,18],"product_tag":[],"class_list":{"0":"post-78","1":"product","2":"type-product","3":"status-publish","4":"has-post-thumbnail","6":"product_cat-inalambrico","7":"product_cat-servicios-de-internet","8":"desktop-align-left","9":"tablet-align-left","10":"mobile-align-left","12":"first","13":"instock","14":"taxable","15":"shipping-taxable","16":"purchasable","17":"product-type-simple"},"uagb_featured_image_src":{"full":["https:\/\/east.net.ar\/tienda\/wp-content\/uploads\/2024\/01\/Antena.png",1245,1152,false],"thumbnail":["https:\/\/east.net.ar\/tienda\/wp-content\/uploads\/2024\/01\/Antena-150x150.png",150,150,true],"medium":["https:\/\/east.net.ar\/tienda\/wp-content\/uploads\/2024\/01\/Antena-300x278.png",300,278,true],"medium_large":["https:\/\/east.net.ar\/tienda\/wp-content\/uploads\/2024\/01\/Antena-768x711.png",768,711,true],"large":["https:\/\/east.net.ar\/tienda\/wp-content\/uploads\/2024\/01\/Antena-1024x948.png",1024,948,true],"1536x1536":["https:\/\/east.net.ar\/tienda\/wp-content\/uploads\/2024\/01\/Antena.png",1245,1152,false],"2048x2048":["https:\/\/east.net.ar\/tienda\/wp-content\/uploads\/2024\/01\/Antena.png",1245,1152,false],"woocommerce_thumbnail":["https:\/\/east.net.ar\/tienda\/wp-content\/uploads\/2024\/01\/Antena-100x100.png",100,100,true],"woocommerce_single":["https:\/\/east.net.ar\/tienda\/wp-content\/uploads\/2024\/01\/Antena-200x185.png",200,185,true],"woocommerce_gallery_thumbnail":["https:\/\/east.net.ar\/tienda\/wp-content\/uploads\/2024\/01\/Antena-100x100.png",100,100,true]},"uagb_author_info":{"display_name":"Angel Martinez","author_link":"https:\/\/east.net.ar\/tienda\/author\/"},"uagb_comment_info":0,"uagb_excerpt":"El servicio inal\u00e1mbrico m\u00e1s adecuado para una familia con pocas personas.","_links":{"self":[{"href":"https:\/\/east.net.ar\/tienda\/wp-json\/wp\/v2\/product\/78","targetHints":{"allow":["GET"]}}],"collection":[{"href":"https:\/\/east.net.ar\/tienda\/wp-json\/wp\/v2\/product"}],"about":[{"href":"https:\/\/east.net.ar\/tienda\/wp-json\/wp\/v2\/types\/product"}],"wp:featuredmedia":[{"embeddable":true,"href":"https:\/\/east.net.ar\/tienda\/wp-json\/wp\/v2\/media\/83"}],"wp:attachment":[{"href":"https:\/\/east.net.ar\/tienda\/wp-json\/wp\/v2\/media?parent=78"}],"wp:term":[{"taxonomy":"product_brand","embeddable":true,"href":"https:\/\/east.net.ar\/tienda\/wp-json\/wp\/v2\/product_brand?post=78"},{"taxonomy":"product_cat","embeddable":true,"href":"https:\/\/east.net.ar\/tienda\/wp-json\/wp\/v2\/product_cat?post=78"},{"taxonomy":"product_tag","embeddable":true,"href":"https:\/\/east.net.ar\/tienda\/wp-json\/wp\/v2\/product_tag?post=78"}],"curies":[{"name":"wp","href":"https:\/\/api.w.org\/{rel}","templated":true}]}}