{"id":70,"date":"2024-01-17T16:03:28","date_gmt":"2024-01-17T19:03:28","guid":{"rendered":"https:\/\/east.net.ar\/tienda\/?post_type=product&#038;p=70"},"modified":"2026-03-03T16:06:49","modified_gmt":"2026-03-03T19:06:49","slug":"ip-publica-fija-ipv4","status":"publish","type":"product","link":"https:\/\/east.net.ar\/tienda\/producto\/ip-publica-fija-ipv4\/","title":{"rendered":"IP p\u00fablica fija IPv4"},"content":{"rendered":"\r\n<p>Podr\u00e1s acceder permanente a tus c\u00e1maras, servidores o cualquier dispositivo usando direcci\u00f3n IPv4 en forma dedicada y sin cambio de numeraci\u00f3n para cualquier uso privado, desde cualquier lugar de internet.<\/p>\r\n","protected":false},"excerpt":{"rendered":"<p>Podr\u00e1s acceder permanente a tus c\u00e1maras, servidores o cualquier dispositivo usando direcci\u00f3n IPv4 en forma dedicada y sin cambio de numeraci\u00f3n para cualquier uso privado.<\/p>\n","protected":false},"featured_media":80,"template":"","meta":{"_uag_custom_page_level_css":"","site-sidebar-layout":"default","site-content-layout":"","ast-site-content-layout":"default","site-content-style":"default","site-sidebar-style":"default","ast-global-header-display":"","ast-banner-title-visibility":"","ast-main-header-display":"","ast-hfb-above-header-display":"","ast-hfb-below-header-display":"","ast-hfb-mobile-header-display":"","site-post-title":"","ast-breadcrumbs-content":"","ast-featured-img":"","footer-sml-layout":"","ast-disable-related-posts":"","theme-transparent-header-meta":"default","adv-header-id-meta":"","stick-header-meta":"","header-above-stick-meta":"","header-main-stick-meta":"","header-below-stick-meta":"","astra-migrate-meta-layouts":"set","ast-page-background-enabled":"default","ast-page-background-meta":{"desktop":{"background-color":"var(--ast-global-color-4)","background-image":"","background-repeat":"repeat","background-position":"center center","background-size":"auto","background-attachment":"scroll","background-type":"","background-media":"","overlay-type":"","overlay-color":"","overlay-opacity":"","overlay-gradient":""},"tablet":{"background-color":"","background-image":"","background-repeat":"repeat","background-position":"center center","background-size":"auto","background-attachment":"scroll","background-type":"","background-media":"","overlay-type":"","overlay-color":"","overlay-opacity":"","overlay-gradient":""},"mobile":{"background-color":"","background-image":"","background-repeat":"repeat","background-position":"center center","background-size":"auto","background-attachment":"scroll","background-type":"","background-media":"","overlay-type":"","overlay-color":"","overlay-opacity":"","overlay-gradient":""}},"ast-content-background-meta":{"desktop":{"background-color":"var(--ast-global-color-5)","background-image":"","background-repeat":"repeat","background-position":"center center","background-size":"auto","background-attachment":"scroll","background-type":"","background-media":"","overlay-type":"","overlay-color":"","overlay-opacity":"","overlay-gradient":""},"tablet":{"background-color":"var(--ast-global-color-5)","background-image":"","background-repeat":"repeat","background-position":"center center","background-size":"auto","background-attachment":"scroll","background-type":"","background-media":"","overlay-type":"","overlay-color":"","overlay-opacity":"","overlay-gradient":""},"mobile":{"background-color":"var(--ast-global-color-5)","background-image":"","background-repeat":"repeat","background-position":"center center","background-size":"auto","background-attachment":"scroll","background-type":"","background-media":"","overlay-type":"","overlay-color":"","overlay-opacity":"","overlay-gradient":""}}},"product_brand":[],"product_cat":[18],"product_tag":[],"class_list":{"0":"post-70","1":"product","2":"type-product","3":"status-publish","4":"has-post-thumbnail","6":"product_cat-servicios-de-internet","7":"desktop-align-left","8":"tablet-align-left","9":"mobile-align-left","11":"first","12":"instock","13":"taxable","14":"shipping-taxable","15":"purchasable","16":"product-type-simple"},"uagb_featured_image_src":{"full":["https:\/\/east.net.ar\/tienda\/wp-content\/uploads\/2024\/01\/IPv4.png",700,700,false],"thumbnail":["https:\/\/east.net.ar\/tienda\/wp-content\/uploads\/2024\/01\/IPv4-150x150.png",150,150,true],"medium":["https:\/\/east.net.ar\/tienda\/wp-content\/uploads\/2024\/01\/IPv4-300x300.png",300,300,true],"medium_large":["https:\/\/east.net.ar\/tienda\/wp-content\/uploads\/2024\/01\/IPv4.png",700,700,false],"large":["https:\/\/east.net.ar\/tienda\/wp-content\/uploads\/2024\/01\/IPv4.png",700,700,false],"1536x1536":["https:\/\/east.net.ar\/tienda\/wp-content\/uploads\/2024\/01\/IPv4.png",700,700,false],"2048x2048":["https:\/\/east.net.ar\/tienda\/wp-content\/uploads\/2024\/01\/IPv4.png",700,700,false],"woocommerce_thumbnail":["https:\/\/east.net.ar\/tienda\/wp-content\/uploads\/2024\/01\/IPv4-100x100.png",100,100,true],"woocommerce_single":["https:\/\/east.net.ar\/tienda\/wp-content\/uploads\/2024\/01\/IPv4-200x200.png",200,200,true],"woocommerce_gallery_thumbnail":["https:\/\/east.net.ar\/tienda\/wp-content\/uploads\/2024\/01\/IPv4-100x100.png",100,100,true]},"uagb_author_info":{"display_name":"Angel Martinez","author_link":"https:\/\/east.net.ar\/tienda\/author\/"},"uagb_comment_info":0,"uagb_excerpt":"Podr\u00e1s acceder permanente a tus c\u00e1maras, servidores o cualquier dispositivo usando direcci\u00f3n IPv4 en forma dedicada y sin cambio de numeraci\u00f3n para cualquier uso privado.","_links":{"self":[{"href":"https:\/\/east.net.ar\/tienda\/wp-json\/wp\/v2\/product\/70","targetHints":{"allow":["GET"]}}],"collection":[{"href":"https:\/\/east.net.ar\/tienda\/wp-json\/wp\/v2\/product"}],"about":[{"href":"https:\/\/east.net.ar\/tienda\/wp-json\/wp\/v2\/types\/product"}],"wp:featuredmedia":[{"embeddable":true,"href":"https:\/\/east.net.ar\/tienda\/wp-json\/wp\/v2\/media\/80"}],"wp:attachment":[{"href":"https:\/\/east.net.ar\/tienda\/wp-json\/wp\/v2\/media?parent=70"}],"wp:term":[{"taxonomy":"product_brand","embeddable":true,"href":"https:\/\/east.net.ar\/tienda\/wp-json\/wp\/v2\/product_brand?post=70"},{"taxonomy":"product_cat","embeddable":true,"href":"https:\/\/east.net.ar\/tienda\/wp-json\/wp\/v2\/product_cat?post=70"},{"taxonomy":"product_tag","embeddable":true,"href":"https:\/\/east.net.ar\/tienda\/wp-json\/wp\/v2\/product_tag?post=70"}],"curies":[{"name":"wp","href":"https:\/\/api.w.org\/{rel}","templated":true}]}}